{"id":145,"date":"2026-05-02T17:08:24","date_gmt":"2026-05-02T17:08:24","guid":{"rendered":"https:\/\/gyergyaiszabomariann.hu\/bucsuztatas\/?page_id=145"},"modified":"2026-05-02T17:09:26","modified_gmt":"2026-05-02T17:09:26","slug":"velemenyek","status":"publish","type":"page","link":"https:\/\/gyergyaiszabomariann.hu\/bucsuztatas\/velemenyek\/","title":{"rendered":"V\u00e9lem\u00e9nyek"},"content":{"rendered":"\t\t<div data-elementor-type=\"wp-page\" data-elementor-id=\"145\" class=\"elementor elementor-145\">\n\t\t\t\t<div class=\"elementor-element elementor-element-0580e13 e-con-full e-flex e-con e-parent\" data-id=\"0580e13\" data-element_type=\"container\" data-e-type=\"container\">\n\t\t\t\t<div class=\"elementor-element elementor-element-58445e8 elementor-widget elementor-widget-html\" data-id=\"58445e8\" data-element_type=\"widget\" data-e-type=\"widget\" data-widget_type=\"html.default\">\n\t\t\t\t\t<style>\r\n  @import url('https:\/\/fonts.googleapis.com\/css2?family=Cormorant+Garamond:wght@500;600&family=Lora:wght@400;500&family=Montserrat:wght@600;700&display=swap');\r\n\r\n  .mariann-opinions-section {\r\n    background: linear-gradient(135deg, #0d0e11 0%, #15171b 100%);\r\n    padding: 84px 24px 92px;\r\n    color: #e7ddd1;\r\n    font-feature-settings: \"liga\" 1, \"kern\" 1;\r\n    text-rendering: optimizeLegibility;\r\n    -webkit-font-smoothing: antialiased;\r\n    -moz-osx-font-smoothing: grayscale;\r\n  }\r\n\r\n  .mariann-opinions-section,\r\n  .mariann-opinions-section * {\r\n    box-sizing: border-box;\r\n  }\r\n\r\n  .mariann-opinions-wrap {\r\n    max-width: 1080px;\r\n    margin: 0 auto;\r\n  }\r\n\r\n  .mariann-opinions-title {\r\n    margin: 0 0 54px;\r\n    font-family: \"Cormorant Garamond\", Georgia, serif;\r\n    font-size: clamp(46px, 5vw, 64px);\r\n    line-height: 1.08;\r\n    font-weight: 600;\r\n    color: #f4efe8;\r\n    letter-spacing: 0.01em;\r\n  }\r\n\r\n  .mariann-opinions-card {\r\n    max-width: 900px;\r\n    margin: 0 auto;\r\n    padding: 34px 34px 40px;\r\n    background: rgba(255, 255, 255, 0.02);\r\n    border: 1px solid rgba(209, 176, 107, 0.14);\r\n    box-shadow: 0 24px 50px rgba(0, 0, 0, 0.18);\r\n  }\r\n\r\n  .mariann-opinions-text {\r\n    font-family: \"Lora\", Georgia, serif;\r\n    font-size: 16px;\r\n    line-height: 1.85;\r\n    letter-spacing: 0.01em;\r\n    color: rgba(236, 230, 221, 0.84);\r\n    margin: 0;\r\n  }\r\n\r\n  .mariann-opinions-text p {\r\n    margin: 0;\r\n  }\r\n\r\n  .mariann-opinions-bottom-line {\r\n    max-width: 900px;\r\n    height: 1px;\r\n    background: rgba(209, 176, 107, 0.14);\r\n    margin: 74px auto 0;\r\n  }\r\n\r\n  @media (max-width: 767px) {\r\n    .mariann-opinions-section {\r\n      padding: 62px 20px 72px;\r\n    }\r\n\r\n    .mariann-opinions-title {\r\n      margin-bottom: 38px;\r\n    }\r\n\r\n    .mariann-opinions-card {\r\n      padding: 24px 20px 28px;\r\n    }\r\n\r\n    .mariann-opinions-text {\r\n      font-size: 15px;\r\n      line-height: 1.78;\r\n    }\r\n\r\n    .mariann-opinions-bottom-line {\r\n      margin-top: 56px;\r\n    }\r\n  }\r\n<\/style>\r\n\r\n<section class=\"mariann-opinions-section\">\r\n  <div class=\"mariann-opinions-wrap\">\r\n\r\n    \r\n\r\n    <div class=\"mariann-opinions-card\">\r\n      <div class=\"mariann-opinions-text\">\r\n        <p>\r\n          A b\u00facs\u00fabesz\u00e9dek \u00e9s az \u00fajs\u00e1gcikkek meg\u00edr\u00e1sa sok szempontb\u00f3l hasonl\u00edt egym\u00e1sra. A c\u00e9l mindkett\u0151n\u00e9l ugyanaz: egy adathalmazb\u00f3l, sok apr\u00f3 inform\u00e1ci\u00f3 k\u00f6z\u00fcl kiv\u00e1lasztani a l\u00e9nyegest \u00e9s egy logikus l\u00e1ncc\u00e1 f\u0171zni. Amikor a gy\u00e1szol\u00f3 csal\u00e1ddal besz\u00e9lgetek, az hasonl\u00f3 figyelmet k\u00edv\u00e1n, mint amikor az interj\u00faalanyaimnak teszek fel k\u00e9rd\u00e9seket. A tapintat, az \u00e9rz\u00e9kenys\u00e9g mindk\u00e9t munk\u00e1m sor\u00e1n elengedhetetlen. Ez\u00e9rt gondoltam \u00fagy, hogy megosztom \u00f6n\u00f6kkel az \u00fcgyfeleimt\u0151l, ill. a f\u0151szerkeszt\u0151-koll\u00e9g\u00e1kt\u00f3l \u00e9s az interj\u00faalanyokt\u00f3l kapott visszajelz\u00e9seket, hogy megismerhess\u00e9k, hogyan dolgozom.\r\n        <\/p>\r\n      <\/div>\r\n    <\/div>\r\n\r\n    <div class=\"mariann-opinions-bottom-line\"><\/div>\r\n\r\n  <\/div>\r\n<\/section>\t\t\t\t<\/div>\n\t\t\t\t<\/div>\n\t\t\t\t<\/div>\n\t\t","protected":false},"excerpt":{"rendered":"<p>A b\u00facs\u00fabesz\u00e9dek \u00e9s az \u00fajs\u00e1gcikkek meg\u00edr\u00e1sa sok szempontb\u00f3l hasonl\u00edt egym\u00e1sra. A c\u00e9l mindkett\u0151n\u00e9l ugyanaz: egy adathalmazb\u00f3l, sok apr\u00f3 inform\u00e1ci\u00f3 k\u00f6z\u00fcl [&hellip;]<\/p>\n","protected":false},"author":1,"featured_media":0,"parent":0,"menu_order":0,"comment_status":"closed","ping_status":"closed","template":"","meta":{"_eb_attr":"","_monsterinsights_skip_tracking":false,"_monsterinsights_sitenote_active":false,"_monsterinsights_sitenote_note":"","_monsterinsights_sitenote_category":0,"site-sidebar-layout":"no-sidebar","site-content-layout":"","ast-site-content-layout":"full-width-container","site-content-style":"default","site-sidebar-style":"default","ast-global-header-display":"","ast-banner-title-visibility":"","ast-main-header-display":"","ast-hfb-above-header-display":"","ast-hfb-below-header-display":"","ast-hfb-mobile-header-display":"","site-post-title":"","ast-breadcrumbs-content":"","ast-featured-img":"disabled","footer-sml-layout":"","ast-disable-related-posts":"","theme-transparent-header-meta":"","adv-header-id-meta":"","stick-header-meta":"","header-above-stick-meta":"","header-main-stick-meta":"","header-below-stick-meta":"","astra-migrate-meta-layouts":"default","ast-page-background-enabled":"default","ast-page-background-meta":{"desktop":{"background-color":"var(--ast-global-color-5)","background-image":"","background-repeat":"repeat","background-position":"center center","background-size":"auto","background-attachment":"scroll","background-type":"","background-media":"","overlay-type":"","overlay-color":"","overlay-opacity":"","overlay-gradient":""},"tablet":{"background-color":"","background-image":"","background-repeat":"repeat","background-position":"center center","background-size":"auto","background-attachment":"scroll","background-type":"","background-media":"","overlay-type":"","overlay-color":"","overlay-opacity":"","overlay-gradient":""},"mobile":{"background-color":"","background-image":"","background-repeat":"repeat","background-position":"center center","background-size":"auto","background-attachment":"scroll","background-type":"","background-media":"","overlay-type":"","overlay-color":"","overlay-opacity":"","overlay-gradient":""}},"ast-content-background-meta":{"desktop":{"background-color":"var(--ast-global-color-4)","background-image":"","background-repeat":"repeat","background-position":"center center","background-size":"auto","background-attachment":"scroll","background-type":"","background-media":"","overlay-type":"","overlay-color":"","overlay-opacity":"","overlay-gradient":""},"tablet":{"background-color":"var(--ast-global-color-4)","background-image":"","background-repeat":"repeat","background-position":"center center","background-size":"auto","background-attachment":"scroll","background-type":"","background-media":"","overlay-type":"","overlay-color":"","overlay-opacity":"","overlay-gradient":""},"mobile":{"background-color":"var(--ast-global-color-4)","background-image":"","background-repeat":"repeat","background-position":"center center","background-size":"auto","background-attachment":"scroll","background-type":"","background-media":"","overlay-type":"","overlay-color":"","overlay-opacity":"","overlay-gradient":""}},"footnotes":""},"class_list":["post-145","page","type-page","status-publish","hentry"],"yoast_head":"<!-- This site is optimized with the Yoast SEO plugin v27.4 - https:\/\/yoast.com\/product\/yoast-seo-wordpress\/ -->\n<title>V\u00e9lem\u00e9nyek - gyergyaiszabomariann.hu - polg&aacute;ri b&uacute;cs&uacute;ztat&oacute;<\/title>\n<meta name=\"robots\" content=\"index, follow, max-snippet:-1, max-image-preview:large, max-video-preview:-1\" \/>\n<link rel=\"canonical\" href=\"https:\/\/gyergyaiszabomariann.hu\/bucsuztatas\/velemenyek\/\" \/>\n<meta property=\"og:locale\" content=\"hu_HU\" \/>\n<meta property=\"og:type\" content=\"article\" \/>\n<meta property=\"og:title\" content=\"V\u00e9lem\u00e9nyek - gyergyaiszabomariann.hu - polg&aacute;ri b&uacute;cs&uacute;ztat&oacute;\" \/>\n<meta property=\"og:description\" content=\"A b\u00facs\u00fabesz\u00e9dek \u00e9s az \u00fajs\u00e1gcikkek meg\u00edr\u00e1sa sok szempontb\u00f3l hasonl\u00edt egym\u00e1sra. A c\u00e9l mindkett\u0151n\u00e9l ugyanaz: egy adathalmazb\u00f3l, sok apr\u00f3 inform\u00e1ci\u00f3 k\u00f6z\u00fcl [&hellip;]\" \/>\n<meta property=\"og:url\" content=\"https:\/\/gyergyaiszabomariann.hu\/bucsuztatas\/velemenyek\/\" \/>\n<meta property=\"og:site_name\" content=\"gyergyaiszabomariann.hu - polg&aacute;ri b&uacute;cs&uacute;ztat&oacute;\" \/>\n<meta property=\"article:modified_time\" content=\"2026-05-02T17:09:26+00:00\" \/>\n<meta name=\"twitter:card\" content=\"summary_large_image\" \/>\n<meta name=\"twitter:label1\" content=\"Becs\u00fclt olvas\u00e1si id\u0151\" \/>\n\t<meta name=\"twitter:data1\" content=\"2 perc\" \/>\n<script type=\"application\/ld+json\" class=\"yoast-schema-graph\">{\"@context\":\"https:\\\/\\\/schema.org\",\"@graph\":[{\"@type\":\"WebPage\",\"@id\":\"https:\\\/\\\/gyergyaiszabomariann.hu\\\/bucsuztatas\\\/velemenyek\\\/\",\"url\":\"https:\\\/\\\/gyergyaiszabomariann.hu\\\/bucsuztatas\\\/velemenyek\\\/\",\"name\":\"V\u00e9lem\u00e9nyek - gyergyaiszabomariann.hu - polg&aacute;ri b&uacute;cs&uacute;ztat&oacute;\",\"isPartOf\":{\"@id\":\"https:\\\/\\\/gyergyaiszabomariann.hu\\\/bucsuztatas\\\/#website\"},\"datePublished\":\"2026-05-02T17:08:24+00:00\",\"dateModified\":\"2026-05-02T17:09:26+00:00\",\"breadcrumb\":{\"@id\":\"https:\\\/\\\/gyergyaiszabomariann.hu\\\/bucsuztatas\\\/velemenyek\\\/#breadcrumb\"},\"inLanguage\":\"hu\",\"potentialAction\":[{\"@type\":\"ReadAction\",\"target\":[\"https:\\\/\\\/gyergyaiszabomariann.hu\\\/bucsuztatas\\\/velemenyek\\\/\"]}]},{\"@type\":\"BreadcrumbList\",\"@id\":\"https:\\\/\\\/gyergyaiszabomariann.hu\\\/bucsuztatas\\\/velemenyek\\\/#breadcrumb\",\"itemListElement\":[{\"@type\":\"ListItem\",\"position\":1,\"name\":\"Home\",\"item\":\"https:\\\/\\\/gyergyaiszabomariann.hu\\\/bucsuztatas\\\/\"},{\"@type\":\"ListItem\",\"position\":2,\"name\":\"V\u00e9lem\u00e9nyek\"}]},{\"@type\":\"WebSite\",\"@id\":\"https:\\\/\\\/gyergyaiszabomariann.hu\\\/bucsuztatas\\\/#website\",\"url\":\"https:\\\/\\\/gyergyaiszabomariann.hu\\\/bucsuztatas\\\/\",\"name\":\"gyergyaiszabomariann.hu - polg&aacute;ri b&uacute;cs&uacute;ztat&oacute;\",\"description\":\"Gyergyai-Szab&oacute; Mariann polg&aacute;ri b&uacute;cs&uacute;ztat&oacute;\",\"potentialAction\":[{\"@type\":\"SearchAction\",\"target\":{\"@type\":\"EntryPoint\",\"urlTemplate\":\"https:\\\/\\\/gyergyaiszabomariann.hu\\\/bucsuztatas\\\/?s={search_term_string}\"},\"query-input\":{\"@type\":\"PropertyValueSpecification\",\"valueRequired\":true,\"valueName\":\"search_term_string\"}}],\"inLanguage\":\"hu\"}]}<\/script>\n<!-- \/ Yoast SEO plugin. -->","yoast_head_json":{"title":"V\u00e9lem\u00e9nyek - gyergyaiszabomariann.hu - polg&aacute;ri b&uacute;cs&uacute;ztat&oacute;","robots":{"index":"index","follow":"follow","max-snippet":"max-snippet:-1","max-image-preview":"max-image-preview:large","max-video-preview":"max-video-preview:-1"},"canonical":"https:\/\/gyergyaiszabomariann.hu\/bucsuztatas\/velemenyek\/","og_locale":"hu_HU","og_type":"article","og_title":"V\u00e9lem\u00e9nyek - gyergyaiszabomariann.hu - polg&aacute;ri b&uacute;cs&uacute;ztat&oacute;","og_description":"A b\u00facs\u00fabesz\u00e9dek \u00e9s az \u00fajs\u00e1gcikkek meg\u00edr\u00e1sa sok szempontb\u00f3l hasonl\u00edt egym\u00e1sra. A c\u00e9l mindkett\u0151n\u00e9l ugyanaz: egy adathalmazb\u00f3l, sok apr\u00f3 inform\u00e1ci\u00f3 k\u00f6z\u00fcl [&hellip;]","og_url":"https:\/\/gyergyaiszabomariann.hu\/bucsuztatas\/velemenyek\/","og_site_name":"gyergyaiszabomariann.hu - polg&aacute;ri b&uacute;cs&uacute;ztat&oacute;","article_modified_time":"2026-05-02T17:09:26+00:00","twitter_card":"summary_large_image","twitter_misc":{"Becs\u00fclt olvas\u00e1si id\u0151":"2 perc"},"schema":{"@context":"https:\/\/schema.org","@graph":[{"@type":"WebPage","@id":"https:\/\/gyergyaiszabomariann.hu\/bucsuztatas\/velemenyek\/","url":"https:\/\/gyergyaiszabomariann.hu\/bucsuztatas\/velemenyek\/","name":"V\u00e9lem\u00e9nyek - gyergyaiszabomariann.hu - polg&aacute;ri b&uacute;cs&uacute;ztat&oacute;","isPartOf":{"@id":"https:\/\/gyergyaiszabomariann.hu\/bucsuztatas\/#website"},"datePublished":"2026-05-02T17:08:24+00:00","dateModified":"2026-05-02T17:09:26+00:00","breadcrumb":{"@id":"https:\/\/gyergyaiszabomariann.hu\/bucsuztatas\/velemenyek\/#breadcrumb"},"inLanguage":"hu","potentialAction":[{"@type":"ReadAction","target":["https:\/\/gyergyaiszabomariann.hu\/bucsuztatas\/velemenyek\/"]}]},{"@type":"BreadcrumbList","@id":"https:\/\/gyergyaiszabomariann.hu\/bucsuztatas\/velemenyek\/#breadcrumb","itemListElement":[{"@type":"ListItem","position":1,"name":"Home","item":"https:\/\/gyergyaiszabomariann.hu\/bucsuztatas\/"},{"@type":"ListItem","position":2,"name":"V\u00e9lem\u00e9nyek"}]},{"@type":"WebSite","@id":"https:\/\/gyergyaiszabomariann.hu\/bucsuztatas\/#website","url":"https:\/\/gyergyaiszabomariann.hu\/bucsuztatas\/","name":"gyergyaiszabomariann.hu - polg&aacute;ri b&uacute;cs&uacute;ztat&oacute;","description":"Gyergyai-Szab&oacute; Mariann polg&aacute;ri b&uacute;cs&uacute;ztat&oacute;","potentialAction":[{"@type":"SearchAction","target":{"@type":"EntryPoint","urlTemplate":"https:\/\/gyergyaiszabomariann.hu\/bucsuztatas\/?s={search_term_string}"},"query-input":{"@type":"PropertyValueSpecification","valueRequired":true,"valueName":"search_term_string"}}],"inLanguage":"hu"}]}},"_links":{"self":[{"href":"https:\/\/gyergyaiszabomariann.hu\/bucsuztatas\/wp-json\/wp\/v2\/pages\/145","targetHints":{"allow":["GET"]}}],"collection":[{"href":"https:\/\/gyergyaiszabomariann.hu\/bucsuztatas\/wp-json\/wp\/v2\/pages"}],"about":[{"href":"https:\/\/gyergyaiszabomariann.hu\/bucsuztatas\/wp-json\/wp\/v2\/types\/page"}],"author":[{"embeddable":true,"href":"https:\/\/gyergyaiszabomariann.hu\/bucsuztatas\/wp-json\/wp\/v2\/users\/1"}],"replies":[{"embeddable":true,"href":"https:\/\/gyergyaiszabomariann.hu\/bucsuztatas\/wp-json\/wp\/v2\/comments?post=145"}],"version-history":[{"count":4,"href":"https:\/\/gyergyaiszabomariann.hu\/bucsuztatas\/wp-json\/wp\/v2\/pages\/145\/revisions"}],"predecessor-version":[{"id":149,"href":"https:\/\/gyergyaiszabomariann.hu\/bucsuztatas\/wp-json\/wp\/v2\/pages\/145\/revisions\/149"}],"wp:attachment":[{"href":"https:\/\/gyergyaiszabomariann.hu\/bucsuztatas\/wp-json\/wp\/v2\/media?parent=145"}],"curies":[{"name":"wp","href":"https:\/\/api.w.org\/{rel}","templated":true}]}}