{"id":179,"date":"2026-05-03T22:11:31","date_gmt":"2026-05-03T22:11:31","guid":{"rendered":"https:\/\/gyergyaiszabomariann.hu\/bucsuztatas\/?page_id=179"},"modified":"2026-05-03T22:44:34","modified_gmt":"2026-05-03T22:44:34","slug":"kapcsolat","status":"publish","type":"page","link":"https:\/\/gyergyaiszabomariann.hu\/bucsuztatas\/kapcsolat\/","title":{"rendered":"Kapcsolat"},"content":{"rendered":"\t\t<div data-elementor-type=\"wp-page\" data-elementor-id=\"179\" class=\"elementor elementor-179\">\n\t\t\t\t<div class=\"elementor-element elementor-element-832e293 e-con-full e-flex e-con e-parent\" data-id=\"832e293\" data-element_type=\"container\" data-e-type=\"container\">\n\t\t\t\t<div class=\"elementor-element elementor-element-58a09a6 elementor-widget elementor-widget-html\" data-id=\"58a09a6\" data-element_type=\"widget\" data-e-type=\"widget\" data-widget_type=\"html.default\">\n\t\t\t\t\t<style>\r\n  @import url('https:\/\/fonts.googleapis.com\/css2?family=Cormorant+Garamond:wght@500;600&family=Lora:wght@400;500&family=Montserrat:wght@600;700&display=swap');\r\n\r\n  .mariann-contact-section {\r\n    background: linear-gradient(135deg, #0d0e11 0%, #15171b 100%);\r\n    padding: 84px 24px 92px;\r\n    color: #e7ddd1;\r\n    font-feature-settings: \"liga\" 1, \"kern\" 1;\r\n    text-rendering: optimizeLegibility;\r\n    -webkit-font-smoothing: antialiased;\r\n    -moz-osx-font-smoothing: grayscale;\r\n  }\r\n\r\n  .mariann-contact-section,\r\n  .mariann-contact-section * {\r\n    box-sizing: border-box;\r\n  }\r\n\r\n  .mariann-contact-wrap {\r\n    max-width: 1180px;\r\n    margin: 0 auto;\r\n  }\r\n\r\n  .mariann-contact-card {\r\n    display: grid;\r\n    grid-template-columns: 1fr 1fr;\r\n    gap: 48px;\r\n    align-items: start;\r\n    padding: 38px 38px 40px;\r\n    background: rgba(255, 255, 255, 0.02);\r\n    border: 1px solid rgba(209, 176, 107, 0.14);\r\n    box-shadow: 0 24px 50px rgba(0, 0, 0, 0.18);\r\n  }\r\n\r\n  .mariann-contact-left {\r\n    padding-right: 8px;\r\n  }\r\n\r\n  .mariann-contact-title {\r\n    margin: 0 0 26px;\r\n    font-family: \"Cormorant Garamond\", Georgia, serif;\r\n    font-size: clamp(42px, 5vw, 62px);\r\n    line-height: 1.08;\r\n    font-weight: 600;\r\n    color: #f4efe8;\r\n    letter-spacing: 0.01em;\r\n  }\r\n\r\n  .mariann-contact-intro {\r\n    margin: 0 0 42px;\r\n    font-family: \"Lora\", Georgia, serif;\r\n    font-size: 18px;\r\n    line-height: 1.75;\r\n    color: rgba(236, 230, 221, 0.84);\r\n  }\r\n\r\n  .mariann-contact-intro strong {\r\n    display: block;\r\n    margin-bottom: 4px;\r\n    color: #f4efe8;\r\n    font-weight: 500;\r\n  }\r\n\r\n  .mariann-contact-block {\r\n    margin-bottom: 34px;\r\n  }\r\n\r\n  .mariann-contact-block:last-child {\r\n    margin-bottom: 0;\r\n  }\r\n\r\n  .mariann-contact-subtitle {\r\n    margin: 0 0 16px;\r\n    font-family: \"Cormorant Garamond\", Georgia, serif;\r\n    font-size: 28px;\r\n    line-height: 1.2;\r\n    font-weight: 600;\r\n    color: #f4efe8;\r\n  }\r\n\r\n  .mariann-contact-list {\r\n    display: grid;\r\n    gap: 14px;\r\n  }\r\n\r\n  .mariann-contact-item {\r\n    display: flex;\r\n    align-items: flex-start;\r\n    gap: 12px;\r\n    font-family: \"Lora\", Georgia, serif;\r\n    font-size: 16px;\r\n    line-height: 1.7;\r\n    color: rgba(236, 230, 221, 0.84);\r\n  }\r\n\r\n  .mariann-contact-icon {\r\n    width: 18px;\r\n    height: 18px;\r\n    margin-top: 5px;\r\n    flex: 0 0 18px;\r\n    color: #d1b06b;\r\n  }\r\n\r\n  .mariann-contact-item a {\r\n    color: #e7ddd1;\r\n    text-decoration: none;\r\n    border-bottom: 1px solid rgba(209, 176, 107, 0.26);\r\n    transition: color 0.25s ease, border-color 0.25s ease;\r\n  }\r\n\r\n  .mariann-contact-item a:hover {\r\n    color: #f4efe8;\r\n    border-bottom-color: rgba(209, 176, 107, 0.52);\r\n  }\r\n\r\n  .mariann-contact-socials {\r\n    display: flex;\r\n    flex-wrap: wrap;\r\n    gap: 12px;\r\n  }\r\n\r\n  .mariann-contact-social {\r\n    display: inline-flex;\r\n    align-items: center;\r\n    justify-content: center;\r\n    width: 46px;\r\n    height: 46px;\r\n    border-radius: 999px;\r\n    background: rgba(209, 176, 107, 0.12);\r\n    border: 1px solid rgba(209, 176, 107, 0.22);\r\n    color: #d1b06b;\r\n    text-decoration: none;\r\n    transition: transform 0.25s ease, background 0.25s ease, border-color 0.25s ease;\r\n  }\r\n\r\n  .mariann-contact-social:hover {\r\n    transform: translateY(-2px);\r\n    background: rgba(209, 176, 107, 0.18);\r\n    border-color: rgba(209, 176, 107, 0.42);\r\n    color: #f4efe8;\r\n  }\r\n\r\n  .mariann-contact-social svg {\r\n    width: 18px;\r\n    height: 18px;\r\n  }\r\n\r\n  .mariann-contact-mapbox {\r\n    position: relative;\r\n  }\r\n\r\n  .mariann-contact-mapframe {\r\n    position: relative;\r\n    overflow: hidden;\r\n    min-height: 520px;\r\n    border: 1px solid rgba(209, 176, 107, 0.18);\r\n    box-shadow: 0 18px 42px rgba(0, 0, 0, 0.22);\r\n    background: #111317;\r\n  }\r\n\r\n  .mariann-contact-mapframe::before {\r\n    content: \"\";\r\n    position: absolute;\r\n    inset: 14px -14px -14px 14px;\r\n    border: 1px solid rgba(209, 176, 107, 0.18);\r\n    z-index: 0;\r\n    pointer-events: none;\r\n  }\r\n\r\n  .mariann-contact-mapframe iframe {\r\n    position: relative;\r\n    z-index: 1;\r\n    display: block;\r\n    width: 100%;\r\n    height: 520px;\r\n    border: 0;\r\n    filter: grayscale(12%) saturate(85%) contrast(98%);\r\n  }\r\n\r\n  .mariann-contact-bottom-line {\r\n    max-width: 900px;\r\n    height: 1px;\r\n    background: rgba(209, 176, 107, 0.14);\r\n    margin: 74px auto 0;\r\n  }\r\n\r\n  @media (max-width: 980px) {\r\n    .mariann-contact-card {\r\n      grid-template-columns: 1fr;\r\n      gap: 34px;\r\n    }\r\n\r\n    .mariann-contact-left {\r\n      padding-right: 0;\r\n    }\r\n\r\n    .mariann-contact-mapframe,\r\n    .mariann-contact-mapframe iframe {\r\n      min-height: 420px;\r\n      height: 420px;\r\n    }\r\n  }\r\n\r\n  @media (max-width: 767px) {\r\n    .mariann-contact-section {\r\n      padding: 62px 20px 72px;\r\n    }\r\n\r\n    .mariann-contact-card {\r\n      padding: 24px 20px 28px;\r\n      gap: 28px;\r\n    }\r\n\r\n    .mariann-contact-intro {\r\n      font-size: 16px;\r\n      line-height: 1.7;\r\n      margin-bottom: 30px;\r\n    }\r\n\r\n    .mariann-contact-subtitle {\r\n      font-size: 24px;\r\n    }\r\n\r\n    .mariann-contact-item {\r\n      font-size: 15px;\r\n      line-height: 1.65;\r\n    }\r\n\r\n    .mariann-contact-mapframe,\r\n    .mariann-contact-mapframe iframe {\r\n      min-height: 320px;\r\n      height: 320px;\r\n    }\r\n\r\n    .mariann-contact-mapframe::before {\r\n      inset: 10px -10px -10px 10px;\r\n    }\r\n\r\n    .mariann-contact-bottom-line {\r\n      margin-top: 56px;\r\n    }\r\n  }\r\n<\/style>\r\n\r\n<section class=\"mariann-contact-section\">\r\n  <div class=\"mariann-contact-wrap\">\r\n\r\n    <div class=\"mariann-contact-card\">\r\n\r\n      <div class=\"mariann-contact-left\">\r\n\r\n\r\n        <p class=\"mariann-contact-intro\">\r\n          <strong>Gyergyai-Szab\u00f3 Mariann<\/strong>\r\n          polg\u00e1ri b\u00facs\u00faztat\u00f3, n\u00e9mettan\u00e1r, olvas\u00f3szerkeszt\u0151\r\n        <\/p>\r\n\r\n        <div class=\"mariann-contact-block\">\r\n          <h2 class=\"mariann-contact-subtitle\">El\u00e9rhet\u0151s\u00e9geim:<\/h2>\r\n\r\n          <div class=\"mariann-contact-list\">\r\n            <div class=\"mariann-contact-item\">\r\n              <svg class=\"mariann-contact-icon\" viewBox=\"0 0 24 24\" fill=\"currentColor\" aria-hidden=\"true\">\r\n                <path d=\"M6.62 10.79a15.05 15.05 0 0 0 6.59 6.59l2.2-2.2a1 1 0 0 1 1.01-.24c1.11.37 2.3.56 3.58.56a1 1 0 0 1 1 1V20a1 1 0 0 1-1 1C10.3 21 3 13.7 3 4a1 1 0 0 1 1-1h3.5a1 1 0 0 1 1 1c0 1.28.19 2.47.56 3.58a1 1 0 0 1-.25 1.01l-2.19 2.2z\"\/>\r\n              <\/svg>\r\n              <div><a href=\"tel:+36205527521\">Telefonsz\u00e1m: +36 20 552 7521<\/a><\/div>\r\n            <\/div>\r\n\r\n            <div class=\"mariann-contact-item\">\r\n              <svg class=\"mariann-contact-icon\" viewBox=\"0 0 24 24\" fill=\"currentColor\" aria-hidden=\"true\">\r\n                <path d=\"M20 4H4a2 2 0 0 0-2 2v.4l10 6.25L22 6.4V6a2 2 0 0 0-2-2zm2 4.35-9.47 5.92a1 1 0 0 1-1.06 0L2 8.35V18a2 2 0 0 0 2 2h16a2 2 0 0 0 2-2V8.35z\"\/>\r\n              <\/svg>\r\n              <div><a href=\"mailto:mariann@gyergyaiszabomariann.hu\">Email: mariann@gyergyaiszabomariann.hu<\/a><\/div>\r\n            <\/div>\r\n          <\/div>\r\n        <\/div>\r\n\r\n        <div class=\"mariann-contact-block\">\r\n          <h2 class=\"mariann-contact-subtitle\">K\u00f6vess az al\u00e1bbi k\u00f6z\u00f6ss\u00e9gi platformokon!<\/h2>\r\n\r\n          <div class=\"mariann-contact-socials\">\r\n            <a class=\"mariann-contact-social\" href=\"https:\/\/www.facebook.com\/profile.php?id=100067340377009\" aria-label=\"Facebook\">\r\n              <svg viewBox=\"0 0 24 24\" fill=\"currentColor\" aria-hidden=\"true\">\r\n                <path d=\"M13.5 22v-8h2.7l.4-3h-3.1V9.1c0-.87.24-1.46 1.49-1.46H16.7V4.96c-.31-.04-1.36-.12-2.58-.12-2.55 0-4.3 1.56-4.3 4.42V11H7v3h2.82v8h3.68z\"\/>\r\n              <\/svg>\r\n            <\/a>\r\n          <\/div>\r\n        <\/div>\r\n      <\/div>\r\n\r\n      <div class=\"mariann-contact-mapbox\">\r\n        <div class=\"mariann-contact-mapframe\">\r\n          <iframe\r\n            src=\"https:\/\/www.google.com\/maps?q=Szentes,6600+Magyarorsz\u00e1g&z=10&output=embed\"\r\n            loading=\"lazy\"\r\n            referrerpolicy=\"no-referrer-when-downgrade\"\r\n            title=\"Szentes t\u00e9rk\u00e9p\">\r\n          <\/iframe>\r\n        <\/div>\r\n      <\/div>\r\n\r\n    <\/div>\r\n\r\n    <div class=\"mariann-contact-bottom-line\"><\/div>\r\n\r\n  <\/div>\r\n<\/section>\t\t\t\t<\/div>\n\t\t\t\t<\/div>\n\t\t\t\t<\/div>\n\t\t","protected":false},"excerpt":{"rendered":"<p>Gyergyai-Szab\u00f3 Mariann polg\u00e1ri b\u00facs\u00faztat\u00f3, n\u00e9mettan\u00e1r, olvas\u00f3szerkeszt\u0151 El\u00e9rhet\u0151s\u00e9geim: Telefonsz\u00e1m: +36 20 552 7521 Email: mariann@gyergyaiszabomariann.hu K\u00f6vess az al\u00e1bbi k\u00f6z\u00f6ss\u00e9gi platformokon!<\/p>\n","protected":false},"author":1,"featured_media":0,"parent":0,"menu_order":0,"comment_status":"closed","ping_status":"closed","template":"","meta":{"_eb_attr":"","_monsterinsights_skip_tracking":false,"_monsterinsights_sitenote_active":false,"_monsterinsights_sitenote_note":"","_monsterinsights_sitenote_category":0,"site-sidebar-layout":"no-sidebar","site-content-layout":"","ast-site-content-layout":"full-width-container","site-content-style":"default","site-sidebar-style":"default","ast-global-header-display":"","ast-banner-title-visibility":"","ast-main-header-display":"","ast-hfb-above-header-display":"","ast-hfb-below-header-display":"","ast-hfb-mobile-header-display":"","site-post-title":"","ast-breadcrumbs-content":"","ast-featured-img":"disabled","footer-sml-layout":"","ast-disable-related-posts":"","theme-transparent-header-meta":"","adv-header-id-meta":"","stick-header-meta":"","header-above-stick-meta":"","header-main-stick-meta":"","header-below-stick-meta":"","astra-migrate-meta-layouts":"default","ast-page-background-enabled":"default","ast-page-background-meta":{"desktop":{"background-color":"var(--ast-global-color-5)","background-image":"","background-repeat":"repeat","background-position":"center center","background-size":"auto","background-attachment":"scroll","background-type":"","background-media":"","overlay-type":"","overlay-color":"","overlay-opacity":"","overlay-gradient":""},"tablet":{"background-color":"","background-image":"","background-repeat":"repeat","background-position":"center center","background-size":"auto","background-attachment":"scroll","background-type":"","background-media":"","overlay-type":"","overlay-color":"","overlay-opacity":"","overlay-gradient":""},"mobile":{"background-color":"","background-image":"","background-repeat":"repeat","background-position":"center center","background-size":"auto","background-attachment":"scroll","background-type":"","background-media":"","overlay-type":"","overlay-color":"","overlay-opacity":"","overlay-gradient":""}},"ast-content-background-meta":{"desktop":{"background-color":"var(--ast-global-color-4)","background-image":"","background-repeat":"repeat","background-position":"center center","background-size":"auto","background-attachment":"scroll","background-type":"","background-media":"","overlay-type":"","overlay-color":"","overlay-opacity":"","overlay-gradient":""},"tablet":{"background-color":"var(--ast-global-color-4)","background-image":"","background-repeat":"repeat","background-position":"center center","background-size":"auto","background-attachment":"scroll","background-type":"","background-media":"","overlay-type":"","overlay-color":"","overlay-opacity":"","overlay-gradient":""},"mobile":{"background-color":"var(--ast-global-color-4)","background-image":"","background-repeat":"repeat","background-position":"center center","background-size":"auto","background-attachment":"scroll","background-type":"","background-media":"","overlay-type":"","overlay-color":"","overlay-opacity":"","overlay-gradient":""}},"footnotes":""},"class_list":["post-179","page","type-page","status-publish","hentry"],"yoast_head":"<!-- This site is optimized with the Yoast SEO plugin v27.4 - https:\/\/yoast.com\/product\/yoast-seo-wordpress\/ -->\n<title>Kapcsolat - gyergyaiszabomariann.hu - polg&aacute;ri b&uacute;cs&uacute;ztat&oacute;<\/title>\n<meta name=\"robots\" content=\"index, follow, max-snippet:-1, max-image-preview:large, max-video-preview:-1\" \/>\n<link rel=\"canonical\" href=\"https:\/\/gyergyaiszabomariann.hu\/bucsuztatas\/kapcsolat\/\" \/>\n<meta property=\"og:locale\" content=\"hu_HU\" \/>\n<meta property=\"og:type\" content=\"article\" \/>\n<meta property=\"og:title\" content=\"Kapcsolat - gyergyaiszabomariann.hu - polg&aacute;ri b&uacute;cs&uacute;ztat&oacute;\" \/>\n<meta property=\"og:description\" content=\"Gyergyai-Szab\u00f3 Mariann polg\u00e1ri b\u00facs\u00faztat\u00f3, n\u00e9mettan\u00e1r, olvas\u00f3szerkeszt\u0151 El\u00e9rhet\u0151s\u00e9geim: Telefonsz\u00e1m: +36 20 552 7521 Email: mariann@gyergyaiszabomariann.hu K\u00f6vess az al\u00e1bbi k\u00f6z\u00f6ss\u00e9gi platformokon!\" \/>\n<meta property=\"og:url\" content=\"https:\/\/gyergyaiszabomariann.hu\/bucsuztatas\/kapcsolat\/\" \/>\n<meta property=\"og:site_name\" content=\"gyergyaiszabomariann.hu - polg&aacute;ri b&uacute;cs&uacute;ztat&oacute;\" \/>\n<meta property=\"article:modified_time\" content=\"2026-05-03T22:44:34+00:00\" \/>\n<meta name=\"twitter:card\" content=\"summary_large_image\" \/>\n<meta name=\"twitter:label1\" content=\"Becs\u00fclt olvas\u00e1si id\u0151\" \/>\n\t<meta name=\"twitter:data1\" content=\"3 perc\" \/>\n<script type=\"application\/ld+json\" class=\"yoast-schema-graph\">{\"@context\":\"https:\\\/\\\/schema.org\",\"@graph\":[{\"@type\":\"WebPage\",\"@id\":\"https:\\\/\\\/gyergyaiszabomariann.hu\\\/bucsuztatas\\\/kapcsolat\\\/\",\"url\":\"https:\\\/\\\/gyergyaiszabomariann.hu\\\/bucsuztatas\\\/kapcsolat\\\/\",\"name\":\"Kapcsolat - gyergyaiszabomariann.hu - polg&aacute;ri b&uacute;cs&uacute;ztat&oacute;\",\"isPartOf\":{\"@id\":\"https:\\\/\\\/gyergyaiszabomariann.hu\\\/bucsuztatas\\\/#website\"},\"datePublished\":\"2026-05-03T22:11:31+00:00\",\"dateModified\":\"2026-05-03T22:44:34+00:00\",\"breadcrumb\":{\"@id\":\"https:\\\/\\\/gyergyaiszabomariann.hu\\\/bucsuztatas\\\/kapcsolat\\\/#breadcrumb\"},\"inLanguage\":\"hu\",\"potentialAction\":[{\"@type\":\"ReadAction\",\"target\":[\"https:\\\/\\\/gyergyaiszabomariann.hu\\\/bucsuztatas\\\/kapcsolat\\\/\"]}]},{\"@type\":\"BreadcrumbList\",\"@id\":\"https:\\\/\\\/gyergyaiszabomariann.hu\\\/bucsuztatas\\\/kapcsolat\\\/#breadcrumb\",\"itemListElement\":[{\"@type\":\"ListItem\",\"position\":1,\"name\":\"Home\",\"item\":\"https:\\\/\\\/gyergyaiszabomariann.hu\\\/bucsuztatas\\\/\"},{\"@type\":\"ListItem\",\"position\":2,\"name\":\"Kapcsolat\"}]},{\"@type\":\"WebSite\",\"@id\":\"https:\\\/\\\/gyergyaiszabomariann.hu\\\/bucsuztatas\\\/#website\",\"url\":\"https:\\\/\\\/gyergyaiszabomariann.hu\\\/bucsuztatas\\\/\",\"name\":\"gyergyaiszabomariann.hu - polg&aacute;ri b&uacute;cs&uacute;ztat&oacute;\",\"description\":\"Gyergyai-Szab&oacute; Mariann polg&aacute;ri b&uacute;cs&uacute;ztat&oacute;\",\"potentialAction\":[{\"@type\":\"SearchAction\",\"target\":{\"@type\":\"EntryPoint\",\"urlTemplate\":\"https:\\\/\\\/gyergyaiszabomariann.hu\\\/bucsuztatas\\\/?s={search_term_string}\"},\"query-input\":{\"@type\":\"PropertyValueSpecification\",\"valueRequired\":true,\"valueName\":\"search_term_string\"}}],\"inLanguage\":\"hu\"}]}<\/script>\n<!-- \/ Yoast SEO plugin. -->","yoast_head_json":{"title":"Kapcsolat - gyergyaiszabomariann.hu - polg&aacute;ri b&uacute;cs&uacute;ztat&oacute;","robots":{"index":"index","follow":"follow","max-snippet":"max-snippet:-1","max-image-preview":"max-image-preview:large","max-video-preview":"max-video-preview:-1"},"canonical":"https:\/\/gyergyaiszabomariann.hu\/bucsuztatas\/kapcsolat\/","og_locale":"hu_HU","og_type":"article","og_title":"Kapcsolat - gyergyaiszabomariann.hu - polg&aacute;ri b&uacute;cs&uacute;ztat&oacute;","og_description":"Gyergyai-Szab\u00f3 Mariann polg\u00e1ri b\u00facs\u00faztat\u00f3, n\u00e9mettan\u00e1r, olvas\u00f3szerkeszt\u0151 El\u00e9rhet\u0151s\u00e9geim: Telefonsz\u00e1m: +36 20 552 7521 Email: mariann@gyergyaiszabomariann.hu K\u00f6vess az al\u00e1bbi k\u00f6z\u00f6ss\u00e9gi platformokon!","og_url":"https:\/\/gyergyaiszabomariann.hu\/bucsuztatas\/kapcsolat\/","og_site_name":"gyergyaiszabomariann.hu - polg&aacute;ri b&uacute;cs&uacute;ztat&oacute;","article_modified_time":"2026-05-03T22:44:34+00:00","twitter_card":"summary_large_image","twitter_misc":{"Becs\u00fclt olvas\u00e1si id\u0151":"3 perc"},"schema":{"@context":"https:\/\/schema.org","@graph":[{"@type":"WebPage","@id":"https:\/\/gyergyaiszabomariann.hu\/bucsuztatas\/kapcsolat\/","url":"https:\/\/gyergyaiszabomariann.hu\/bucsuztatas\/kapcsolat\/","name":"Kapcsolat - gyergyaiszabomariann.hu - polg&aacute;ri b&uacute;cs&uacute;ztat&oacute;","isPartOf":{"@id":"https:\/\/gyergyaiszabomariann.hu\/bucsuztatas\/#website"},"datePublished":"2026-05-03T22:11:31+00:00","dateModified":"2026-05-03T22:44:34+00:00","breadcrumb":{"@id":"https:\/\/gyergyaiszabomariann.hu\/bucsuztatas\/kapcsolat\/#breadcrumb"},"inLanguage":"hu","potentialAction":[{"@type":"ReadAction","target":["https:\/\/gyergyaiszabomariann.hu\/bucsuztatas\/kapcsolat\/"]}]},{"@type":"BreadcrumbList","@id":"https:\/\/gyergyaiszabomariann.hu\/bucsuztatas\/kapcsolat\/#breadcrumb","itemListElement":[{"@type":"ListItem","position":1,"name":"Home","item":"https:\/\/gyergyaiszabomariann.hu\/bucsuztatas\/"},{"@type":"ListItem","position":2,"name":"Kapcsolat"}]},{"@type":"WebSite","@id":"https:\/\/gyergyaiszabomariann.hu\/bucsuztatas\/#website","url":"https:\/\/gyergyaiszabomariann.hu\/bucsuztatas\/","name":"gyergyaiszabomariann.hu - polg&aacute;ri b&uacute;cs&uacute;ztat&oacute;","description":"Gyergyai-Szab&oacute; Mariann polg&aacute;ri b&uacute;cs&uacute;ztat&oacute;","potentialAction":[{"@type":"SearchAction","target":{"@type":"EntryPoint","urlTemplate":"https:\/\/gyergyaiszabomariann.hu\/bucsuztatas\/?s={search_term_string}"},"query-input":{"@type":"PropertyValueSpecification","valueRequired":true,"valueName":"search_term_string"}}],"inLanguage":"hu"}]}},"_links":{"self":[{"href":"https:\/\/gyergyaiszabomariann.hu\/bucsuztatas\/wp-json\/wp\/v2\/pages\/179","targetHints":{"allow":["GET"]}}],"collection":[{"href":"https:\/\/gyergyaiszabomariann.hu\/bucsuztatas\/wp-json\/wp\/v2\/pages"}],"about":[{"href":"https:\/\/gyergyaiszabomariann.hu\/bucsuztatas\/wp-json\/wp\/v2\/types\/page"}],"author":[{"embeddable":true,"href":"https:\/\/gyergyaiszabomariann.hu\/bucsuztatas\/wp-json\/wp\/v2\/users\/1"}],"replies":[{"embeddable":true,"href":"https:\/\/gyergyaiszabomariann.hu\/bucsuztatas\/wp-json\/wp\/v2\/comments?post=179"}],"version-history":[{"count":13,"href":"https:\/\/gyergyaiszabomariann.hu\/bucsuztatas\/wp-json\/wp\/v2\/pages\/179\/revisions"}],"predecessor-version":[{"id":194,"href":"https:\/\/gyergyaiszabomariann.hu\/bucsuztatas\/wp-json\/wp\/v2\/pages\/179\/revisions\/194"}],"wp:attachment":[{"href":"https:\/\/gyergyaiszabomariann.hu\/bucsuztatas\/wp-json\/wp\/v2\/media?parent=179"}],"curies":[{"name":"wp","href":"https:\/\/api.w.org\/{rel}","templated":true}]}}