{"id":161,"date":"2026-04-04T21:10:43","date_gmt":"2026-04-04T21:10:43","guid":{"rendered":"https:\/\/gyergyaiszabomariann.hu\/konyvek\/?page_id=161"},"modified":"2026-04-04T21:18:03","modified_gmt":"2026-04-04T21:18:03","slug":"arak-copy","status":"publish","type":"page","link":"https:\/\/gyergyaiszabomariann.hu\/konyvek\/arak-copy\/","title":{"rendered":"Munk\u00e1im"},"content":{"rendered":"\t\t<div data-elementor-type=\"wp-page\" data-elementor-id=\"161\" class=\"elementor elementor-161\">\n\t\t\t\t<div class=\"elementor-element elementor-element-1a59c2a e-flex e-con-boxed wpr-particle-no wpr-jarallax-no wpr-parallax-no wpr-sticky-section-no e-con e-parent\" data-id=\"1a59c2a\" data-element_type=\"container\" data-e-type=\"container\" data-settings=\"{&quot;background_background&quot;:&quot;classic&quot;}\">\n\t\t\t\t\t<div class=\"e-con-inner\">\n\t\t<div class=\"elementor-element elementor-element-ca821bf e-con-full e-flex wpr-particle-no wpr-jarallax-no wpr-parallax-no wpr-sticky-section-no e-con e-child\" data-id=\"ca821bf\" data-element_type=\"container\" data-e-type=\"container\">\n\t\t\t\t<div class=\"elementor-element elementor-element-f35fc08 elementor-align-center elementor-widget elementor-widget-button\" data-id=\"f35fc08\" data-element_type=\"widget\" data-e-type=\"widget\" data-widget_type=\"button.default\">\n\t\t\t\t\t\t\t\t\t\t<a class=\"elementor-button elementor-button-link elementor-size-sm\" href=\"#munkaim\">\n\t\t\t\t\t\t<span class=\"elementor-button-content-wrapper\">\n\t\t\t\t\t\t\t\t\t<span class=\"elementor-button-text\">Kattintson ide az eddigi munk\u00e1im megtekint\u00e9s\u00e9hez<\/span>\n\t\t\t\t\t<\/span>\n\t\t\t\t\t<\/a>\n\t\t\t\t\t\t\t\t<\/div>\n\t\t\t\t<\/div>\n\t\t\t\t<div class=\"elementor-element elementor-element-2ad48d2 elementor-widget__width-initial elementor-absolute elementor-widget elementor-widget-heading\" data-id=\"2ad48d2\" data-element_type=\"widget\" data-e-type=\"widget\" data-settings=\"{&quot;_position&quot;:&quot;absolute&quot;}\" data-widget_type=\"heading.default\">\n\t\t\t\t\t<h2 class=\"elementor-heading-title elementor-size-default\">Munk\u00e1im<\/h2>\t\t\t\t<\/div>\n\t\t\t\t\t<\/div>\n\t\t\t\t<\/div>\n\t\t<div class=\"elementor-element elementor-element-502e8a0 e-flex e-con-boxed wpr-particle-no wpr-jarallax-no wpr-parallax-no wpr-sticky-section-no e-con e-parent\" data-id=\"502e8a0\" data-element_type=\"container\" data-e-type=\"container\" id=\"munkaim\">\n\t\t\t\t\t<div class=\"e-con-inner\">\n\t\t\t\t<div class=\"elementor-element elementor-element-2bb3ba4 elementor-widget elementor-widget-html\" data-id=\"2bb3ba4\" data-element_type=\"widget\" data-e-type=\"widget\" data-widget_type=\"html.default\">\n\t\t\t\t\t<section class=\"mariann-works\">\r\n  <div class=\"mariann-works-head\">\r\n \r\n    <h2>K\u00f6nyvek, Munk\u00e1im<\/h2>\r\n    <p class=\"lead\">\r\n      Az elm\u00falt \u00e9vekben sz\u00e1mos k\u00f6nyvet szerkesztettem. Itt csak egy r\u00f6vid list\u00e1t k\u00f6zl\u00f6k r\u00f3luk \u2013 a teljess\u00e9g ig\u00e9nye n\u00e9lk\u00fcl.\r\n    <\/p>\r\n  <\/div>\r\n\r\n  <div class=\"works-grid\">\r\n\r\n    <div class=\"work-card featured\">\r\n      <div class=\"card-top\">\r\n        <span class=\"card-label\">Kiad\u00f3<\/span>\r\n        <h3>Animus \/ Central Kiad\u00f3<\/h3>\r\n        <p class=\"card-desc\">\r\n          Az Animus\/ Central Kiad\u00f3 sz\u00e1m\u00e1ra k\u00e9sz\u00edtett szerkeszt\u00e9seim:\r\n        <\/p>\r\n      <\/div>\r\n\r\n      <div class=\"book-list\">\r\n        <p><a href=\"https:\/\/www.hellokonyvek.hu\/zuhatag?srsltid=AfmBOoo0s281l7Ok8MTJyJ_RfEFVQ3fQfN0oaVHPNh38nClLVhyKdxrH\" target=\"_blank\" rel=\"noopener\">Liza Marklund: Zuhatag<\/a><\/p>\r\n        <p><a href=\"https:\/\/www.hellokonyvek.hu\/tukorjeg-1-zarkozz-be?keyword=z%C3%A1rk%C3%B3zz\" target=\"_blank\" rel=\"noopener\">Yrsa Sigur\u00f0ard\u00f3ttir: Z\u00e1rk\u00f3zz be!<\/a><\/p>\r\n        <p><a href=\"https:\/\/animuscentral.hu\/konyv\/a-katharina-kod\" target=\"_blank\" rel=\"noopener\">Jorn Lier Horst: A Katharina-k\u00f3d<\/a><\/p>\r\n        <p><a href=\"https:\/\/animuscentral.hu\/konyv\/titkok-konyvklubja\" target=\"_blank\" rel=\"noopener\">Ellery Adams: Titkok K\u00f6nyvklubja<\/a><\/p>\r\n        <p><a href=\"https:\/\/animuscentral.hu\/konyv\/talan-majd-legkozelebb\" target=\"_blank\" rel=\"noopener\">Cesca Major: Tal\u00e1n majd legk\u00f6zelebb<\/a><\/p>\r\n        <p><a href=\"https:\/\/animuscentral.hu\/konyv\/a-csere\" target=\"_blank\" rel=\"noopener\">Stefan Ahnhem: A csere<\/a><\/p>\r\n        <p><a href=\"https:\/\/www.animuscentral.hu\/bronz-almok-60227\" target=\"_blank\" rel=\"noopener\">Camilla L\u00e4ckberg: Bronz \u00e1lmok<\/a><\/p>\r\n        <p><a href=\"https:\/\/www.animuscentral.hu\/garantaltan-happy-end?keyword=garant%C3%A1ltan\" target=\"_blank\" rel=\"noopener\">Katelyn Doyle: Garant\u00e1ltan happy end<\/a><\/p>\r\n        <p><a href=\"https:\/\/www.animuscentral.hu\/a-rejtely-kulcsa?keyword=a%20rejt%C3%A9ly%20k\" target=\"_blank\" rel=\"noopener\">Alex Ahndoril: A rejt\u00e9ly kulcsa<\/a><\/p>\r\n        <p><a href=\"https:\/\/www.animuscentral.hu\/a-sors-kereke-60200?keyword=a%20sors%20kereke\" target=\"_blank\" rel=\"noopener\">Alex Ahndoril: A sors kereke<\/a><\/p>\r\n        <p><a href=\"https:\/\/www.animuscentral.hu\/koszi-apu-60297?keyword=grimald\" target=\"_blank\" rel=\"noopener\">Virginie Grimaldi: K\u00f6szi, apu!<\/a><\/p>\r\n      <\/div>\r\n    <\/div>\r\n\r\n    <div class=\"work-card\">\r\n      <div class=\"card-top\">\r\n        <span class=\"card-label\">Kiad\u00f3k<\/span>\r\n        <h3>Ad Librum \u00e9s K\u00f6nyv Guru<\/h3>\r\n        <p class=\"card-desc\">\r\n          Az Ad Librum \u00e9s a K\u00f6nyv Guru gondoz\u00e1s\u00e1ban megjelent szerkeszt\u00e9seim:\r\n        <\/p>\r\n      <\/div>\r\n\r\n      <div class=\"book-list\">\r\n        <p><a href=\"https:\/\/adlibrum.hu\/katalogus\/Pokoli-hetvege.html\" target=\"_blank\" rel=\"noopener\">Dienes B\u00e1lint: Pokoli h\u00e9tv\u00e9ge<\/a><\/p>\r\n        <p><a href=\"https:\/\/adlibrum.hu\/katalogus\/Deja-vu.html\" target=\"_blank\" rel=\"noopener\">Mitt\u00e1k Anita: D\u00e9ja vu<\/a><\/p>\r\n        <p><a href=\"https:\/\/adlibrum.hu\/katalogus\/Verseny-a-Halallal.html\" target=\"_blank\" rel=\"noopener\">Pap Endre: Verseny a Hal\u00e1llal<\/a><\/p>\r\n        <p><a href=\"https:\/\/adlibrum.hu\/katalogus\/Eskuvoi-kalamajka.html\" target=\"_blank\" rel=\"noopener\">Mary G. Grant: Esk\u00fcv\u0151i kalamajka<\/a><\/p>\r\n        <p><a href=\"https:\/\/adlibrum.hu\/katalogus\/Szexmunkas.html\" target=\"_blank\" rel=\"noopener\">Palotai Z\u00f3ja: Szexmunk\u00e1s<\/a><\/p>\r\n      <\/div>\r\n    <\/div>\r\n\r\n    <div class=\"work-card\">\r\n      <div class=\"card-top\">\r\n        <span class=\"card-label\">Kiad\u00f3<\/span>\r\n        <h3>Maxim K\u00f6nyvkiad\u00f3<\/h3>\r\n        <p class=\"card-desc\">\r\n          A Maxim K\u00f6nyvkiad\u00f3n\u00e1l megjelent szerkeszt\u00e9sem:\r\n        <\/p>\r\n      <\/div>\r\n\r\n      <div class=\"book-list\">\r\n        <p><strong>Katherine Applegate: Ruby, a legkisebb<\/strong><\/p>\r\n        <p class=\"release-date\">(Megjelen\u00e9s: 2026: febru\u00e1r 15.)<\/p>\r\n      <\/div>\r\n    <\/div>\r\n\r\n  <\/div>\r\n<\/section>\r\n\r\n<style>\r\n  .mariann-works {\r\n    max-width: 1200px;\r\n    margin: 0 auto;\r\n    padding: 50px 20px 70px;\r\n    font-family: \"Georgia\", \"Times New Roman\", serif;\r\n    color: #5e4a45;\r\n  }\r\n\r\n  .mariann-works-head {\r\n    text-align: center;\r\n    max-width: 780px;\r\n    margin: 0 auto 50px;\r\n  }\r\n\r\n  .mariann-works-head .eyebrow {\r\n    margin: 0 0 10px;\r\n    text-transform: uppercase;\r\n    letter-spacing: 2px;\r\n    font-size: 13px;\r\n    color: #b48b81;\r\n  }\r\n\r\n  .mariann-works-head h2 {\r\n    margin: 0 0 18px;\r\n    font-size: 42px;\r\n    color: #7f5f58;\r\n    font-weight: 600;\r\n  }\r\n\r\n  .mariann-works-head .lead {\r\n    font-size: 18px;\r\n    line-height: 1.9;\r\n    color: #6a5550;\r\n  }\r\n\r\n  .works-grid {\r\n    display: grid;\r\n    grid-template-columns: repeat(3, 1fr);\r\n    gap: 24px;\r\n  }\r\n\r\n  .work-card {\r\n    background: linear-gradient(180deg, #fffdfc 0%, #f8f1ee 100%);\r\n    border: 1px solid rgba(186, 153, 143, 0.18);\r\n    border-radius: 24px;\r\n    padding: 30px;\r\n    box-shadow: 0 12px 30px rgba(96, 68, 60, 0.08);\r\n    transition: transform 0.25s ease, box-shadow 0.25s ease;\r\n  }\r\n\r\n  .work-card:hover {\r\n    transform: translateY(-4px);\r\n    box-shadow: 0 18px 40px rgba(96, 68, 60, 0.12);\r\n  }\r\n\r\n  .work-card.featured {\r\n    border: 1px solid rgba(166, 118, 108, 0.35);\r\n    box-shadow: 0 16px 36px rgba(120, 85, 77, 0.12);\r\n  }\r\n\r\n  .card-label {\r\n    display: inline-block;\r\n    margin-bottom: 14px;\r\n    font-size: 12px;\r\n    text-transform: uppercase;\r\n    letter-spacing: 1.8px;\r\n    color: #b3887f;\r\n  }\r\n\r\n  .work-card h3 {\r\n    margin: 0 0 14px;\r\n    font-size: 28px;\r\n    color: #7a5952;\r\n    line-height: 1.3;\r\n  }\r\n\r\n  .card-desc {\r\n    margin: 0 0 24px;\r\n    font-size: 17px;\r\n    line-height: 1.8;\r\n    color: #66524c;\r\n  }\r\n\r\n  .book-list p {\r\n    margin: 0 0 14px;\r\n    font-size: 16px;\r\n    line-height: 1.75;\r\n    color: #63504a;\r\n  }\r\n\r\n  .book-list a {\r\n    color: #7a5952;\r\n    text-decoration: none;\r\n    border-bottom: 1px solid rgba(169, 119, 109, 0.25);\r\n    transition: all 0.2s ease;\r\n  }\r\n\r\n  .book-list a:hover {\r\n    color: #a46f66;\r\n    border-bottom-color: rgba(169, 119, 109, 0.6);\r\n  }\r\n\r\n  .release-date {\r\n    color: #8a6d66;\r\n    font-style: italic;\r\n  }\r\n\r\n  @media (max-width: 1024px) {\r\n    .works-grid {\r\n      grid-template-columns: 1fr;\r\n    }\r\n\r\n    .mariann-works-head h2 {\r\n      font-size: 34px;\r\n    }\r\n  }\r\n\r\n  @media (max-width: 767px) {\r\n    .mariann-works {\r\n      padding: 35px 15px 45px;\r\n    }\r\n\r\n    .mariann-works-head h2 {\r\n      font-size: 30px;\r\n    }\r\n\r\n    .mariann-works-head .lead,\r\n    .card-desc,\r\n    .book-list p {\r\n      font-size: 16px;\r\n      line-height: 1.8;\r\n    }\r\n\r\n    .work-card h3 {\r\n      font-size: 24px;\r\n    }\r\n  }\r\n<\/style>\t\t\t\t<\/div>\n\t\t\t\t\t<\/div>\n\t\t\t\t<\/div>\n\t\t\t\t<\/div>\n\t\t","protected":false},"excerpt":{"rendered":"<p>Kattintson ide az eddigi munk\u00e1im megtekint\u00e9s\u00e9hez Munk\u00e1im K\u00f6nyvek, Munk\u00e1im Az elm\u00falt \u00e9vekben sz\u00e1mos k\u00f6nyvet szerkesztettem. Itt csak egy r\u00f6vid list\u00e1t k\u00f6zl\u00f6k r\u00f3luk \u2013 a teljess\u00e9g ig\u00e9nye n\u00e9lk\u00fcl. Kiad\u00f3 Animus \/ Central Kiad\u00f3 Az Animus\/ Central Kiad\u00f3 sz\u00e1m\u00e1ra k\u00e9sz\u00edtett szerkeszt\u00e9seim: Liza Marklund: Zuhatag Yrsa Sigur\u00f0ard\u00f3ttir: Z\u00e1rk\u00f3zz be! Jorn Lier Horst: A Katharina-k\u00f3d Ellery Adams: Titkok K\u00f6nyvklubja Cesca Major: Tal\u00e1n majd legk\u00f6zelebb Stefan Ahnhem: A csere Camilla L\u00e4ckberg: Bronz \u00e1lmok Katelyn Doyle: Garant\u00e1ltan happy end Alex Ahndoril: A rejt\u00e9ly kulcsa Alex Ahndoril: A sors kereke Virginie Grimaldi: K\u00f6szi, apu! Kiad\u00f3k Ad Librum \u00e9s K\u00f6nyv Guru Az Ad Librum \u00e9s a K\u00f6nyv Guru gondoz\u00e1s\u00e1ban megjelent szerkeszt\u00e9seim: Dienes B\u00e1lint: Pokoli h\u00e9tv\u00e9ge Mitt\u00e1k Anita: D\u00e9ja vu Pap Endre: Verseny a Hal\u00e1llal Mary G. Grant: Esk\u00fcv\u0151i kalamajka Palotai Z\u00f3ja: Szexmunk\u00e1s Kiad\u00f3 Maxim K\u00f6nyvkiad\u00f3 A Maxim K\u00f6nyvkiad\u00f3n\u00e1l megjelent szerkeszt\u00e9sem: Katherine Applegate: Ruby, a legkisebb (Megjelen\u00e9s: 2026: febru\u00e1r 15.)<\/p>\n","protected":false},"author":1,"featured_media":0,"parent":0,"menu_order":0,"comment_status":"closed","ping_status":"closed","template":"","meta":{"_eb_attr":"","pagelayer_contact_templates":[],"_pagelayer_content":"","_monsterinsights_skip_tracking":false,"_monsterinsights_sitenote_active":false,"_monsterinsights_sitenote_note":"","_monsterinsights_sitenote_category":0,"site-sidebar-layout":"no-sidebar","site-content-layout":"","ast-site-content-layout":"full-width-container","site-content-style":"default","site-sidebar-style":"default","ast-global-header-display":"","ast-banner-title-visibility":"","ast-main-header-display":"","ast-hfb-above-header-display":"","ast-hfb-below-header-display":"","ast-hfb-mobile-header-display":"","site-post-title":"","ast-breadcrumbs-content":"","ast-featured-img":"disabled","footer-sml-layout":"","ast-disable-related-posts":"","theme-transparent-header-meta":"","adv-header-id-meta":"","stick-header-meta":"","header-above-stick-meta":"","header-main-stick-meta":"","header-below-stick-meta":"","astra-migrate-meta-layouts":"default","ast-page-background-enabled":"default","ast-page-background-meta":{"desktop":{"background-color":"var(--ast-global-color-5)","background-image":"","background-repeat":"repeat","background-position":"center center","background-size":"auto","background-attachment":"scroll","background-type":"","background-media":"","overlay-type":"","overlay-color":"","overlay-opacity":"","overlay-gradient":""},"tablet":{"background-color":"","background-image":"","background-repeat":"repeat","background-position":"center center","background-size":"auto","background-attachment":"scroll","background-type":"","background-media":"","overlay-type":"","overlay-color":"","overlay-opacity":"","overlay-gradient":""},"mobile":{"background-color":"","background-image":"","background-repeat":"repeat","background-position":"center center","background-size":"auto","background-attachment":"scroll","background-type":"","background-media":"","overlay-type":"","overlay-color":"","overlay-opacity":"","overlay-gradient":""}},"ast-content-background-meta":{"desktop":{"background-color":"var(--ast-global-color-4)","background-image":"","background-repeat":"repeat","background-position":"center center","background-size":"auto","background-attachment":"scroll","background-type":"","background-media":"","overlay-type":"","overlay-color":"","overlay-opacity":"","overlay-gradient":""},"tablet":{"background-color":"var(--ast-global-color-4)","background-image":"","background-repeat":"repeat","background-position":"center center","background-size":"auto","background-attachment":"scroll","background-type":"","background-media":"","overlay-type":"","overlay-color":"","overlay-opacity":"","overlay-gradient":""},"mobile":{"background-color":"var(--ast-global-color-4)","background-image":"","background-repeat":"repeat","background-position":"center center","background-size":"auto","background-attachment":"scroll","background-type":"","background-media":"","overlay-type":"","overlay-color":"","overlay-opacity":"","overlay-gradient":""}},"footnotes":""},"class_list":["post-161","page","type-page","status-publish","hentry"],"yoast_head":"<!-- This site is optimized with the Yoast SEO plugin v27.2 - https:\/\/yoast.com\/product\/yoast-seo-wordpress\/ -->\n<title>Munk\u00e1im - gyergyaiszabomariann.hu - k\u00f6nyvek<\/title>\n<meta name=\"robots\" content=\"index, follow, max-snippet:-1, max-image-preview:large, max-video-preview:-1\" \/>\n<link rel=\"canonical\" href=\"https:\/\/gyergyaiszabomariann.hu\/konyvek\/arak-copy\/\" \/>\n<meta property=\"og:locale\" content=\"hu_HU\" \/>\n<meta property=\"og:type\" content=\"article\" \/>\n<meta property=\"og:title\" content=\"Munk\u00e1im - gyergyaiszabomariann.hu - k\u00f6nyvek\" \/>\n<meta property=\"og:description\" content=\"Kattintson ide az eddigi munk\u00e1im megtekint\u00e9s\u00e9hez Munk\u00e1im K\u00f6nyvek, Munk\u00e1im Az elm\u00falt \u00e9vekben sz\u00e1mos k\u00f6nyvet szerkesztettem. Itt csak egy r\u00f6vid list\u00e1t k\u00f6zl\u00f6k r\u00f3luk \u2013 a teljess\u00e9g ig\u00e9nye n\u00e9lk\u00fcl. Kiad\u00f3 Animus \/ Central Kiad\u00f3 Az Animus\/ Central Kiad\u00f3 sz\u00e1m\u00e1ra k\u00e9sz\u00edtett szerkeszt\u00e9seim: Liza Marklund: Zuhatag Yrsa Sigur\u00f0ard\u00f3ttir: Z\u00e1rk\u00f3zz be! Jorn Lier Horst: A Katharina-k\u00f3d Ellery Adams: Titkok K\u00f6nyvklubja Cesca Major: Tal\u00e1n majd legk\u00f6zelebb Stefan Ahnhem: A csere Camilla L\u00e4ckberg: Bronz \u00e1lmok Katelyn Doyle: Garant\u00e1ltan happy end Alex Ahndoril: A rejt\u00e9ly kulcsa Alex Ahndoril: A sors kereke Virginie Grimaldi: K\u00f6szi, apu! Kiad\u00f3k Ad Librum \u00e9s K\u00f6nyv Guru Az Ad Librum \u00e9s a K\u00f6nyv Guru gondoz\u00e1s\u00e1ban megjelent szerkeszt\u00e9seim: Dienes B\u00e1lint: Pokoli h\u00e9tv\u00e9ge Mitt\u00e1k Anita: D\u00e9ja vu Pap Endre: Verseny a Hal\u00e1llal Mary G. Grant: Esk\u00fcv\u0151i kalamajka Palotai Z\u00f3ja: Szexmunk\u00e1s Kiad\u00f3 Maxim K\u00f6nyvkiad\u00f3 A Maxim K\u00f6nyvkiad\u00f3n\u00e1l megjelent szerkeszt\u00e9sem: Katherine Applegate: Ruby, a legkisebb (Megjelen\u00e9s: 2026: febru\u00e1r 15.)\" \/>\n<meta property=\"og:url\" content=\"https:\/\/gyergyaiszabomariann.hu\/konyvek\/arak-copy\/\" \/>\n<meta property=\"og:site_name\" content=\"gyergyaiszabomariann.hu - k\u00f6nyvek\" \/>\n<meta property=\"article:modified_time\" content=\"2026-04-04T21:18:03+00:00\" \/>\n<meta name=\"twitter:card\" content=\"summary_large_image\" \/>\n<meta name=\"twitter:label1\" content=\"Becs\u00fclt olvas\u00e1si id\u0151\" \/>\n\t<meta name=\"twitter:data1\" content=\"1 perc\" \/>\n<script type=\"application\/ld+json\" class=\"yoast-schema-graph\">{\"@context\":\"https:\/\/schema.org\",\"@graph\":[{\"@type\":\"WebPage\",\"@id\":\"https:\/\/gyergyaiszabomariann.hu\/konyvek\/arak-copy\/\",\"url\":\"https:\/\/gyergyaiszabomariann.hu\/konyvek\/arak-copy\/\",\"name\":\"Munk\u00e1im - gyergyaiszabomariann.hu - k\u00f6nyvek\",\"isPartOf\":{\"@id\":\"https:\/\/gyergyaiszabomariann.hu\/konyvek\/#website\"},\"datePublished\":\"2026-04-04T21:10:43+00:00\",\"dateModified\":\"2026-04-04T21:18:03+00:00\",\"breadcrumb\":{\"@id\":\"https:\/\/gyergyaiszabomariann.hu\/konyvek\/arak-copy\/#breadcrumb\"},\"inLanguage\":\"hu\",\"potentialAction\":[{\"@type\":\"ReadAction\",\"target\":[\"https:\/\/gyergyaiszabomariann.hu\/konyvek\/arak-copy\/\"]}]},{\"@type\":\"BreadcrumbList\",\"@id\":\"https:\/\/gyergyaiszabomariann.hu\/konyvek\/arak-copy\/#breadcrumb\",\"itemListElement\":[{\"@type\":\"ListItem\",\"position\":1,\"name\":\"Home\",\"item\":\"https:\/\/gyergyaiszabomariann.hu\/konyvek\/\"},{\"@type\":\"ListItem\",\"position\":2,\"name\":\"Munk\u00e1im\"}]},{\"@type\":\"WebSite\",\"@id\":\"https:\/\/gyergyaiszabomariann.hu\/konyvek\/#website\",\"url\":\"https:\/\/gyergyaiszabomariann.hu\/konyvek\/\",\"name\":\"gyergyaiszabomariann.hu - k\u00f6nyvek\",\"description\":\"gyergyaiszabomariann.hu - k&ouml;nyvek\",\"potentialAction\":[{\"@type\":\"SearchAction\",\"target\":{\"@type\":\"EntryPoint\",\"urlTemplate\":\"https:\/\/gyergyaiszabomariann.hu\/konyvek\/?s={search_term_string}\"},\"query-input\":{\"@type\":\"PropertyValueSpecification\",\"valueRequired\":true,\"valueName\":\"search_term_string\"}}],\"inLanguage\":\"hu\"}]}<\/script>\n<!-- \/ Yoast SEO plugin. -->","yoast_head_json":{"title":"Munk\u00e1im - gyergyaiszabomariann.hu - k\u00f6nyvek","robots":{"index":"index","follow":"follow","max-snippet":"max-snippet:-1","max-image-preview":"max-image-preview:large","max-video-preview":"max-video-preview:-1"},"canonical":"https:\/\/gyergyaiszabomariann.hu\/konyvek\/arak-copy\/","og_locale":"hu_HU","og_type":"article","og_title":"Munk\u00e1im - gyergyaiszabomariann.hu - k\u00f6nyvek","og_description":"Kattintson ide az eddigi munk\u00e1im megtekint\u00e9s\u00e9hez Munk\u00e1im K\u00f6nyvek, Munk\u00e1im Az elm\u00falt \u00e9vekben sz\u00e1mos k\u00f6nyvet szerkesztettem. Itt csak egy r\u00f6vid list\u00e1t k\u00f6zl\u00f6k r\u00f3luk \u2013 a teljess\u00e9g ig\u00e9nye n\u00e9lk\u00fcl. Kiad\u00f3 Animus \/ Central Kiad\u00f3 Az Animus\/ Central Kiad\u00f3 sz\u00e1m\u00e1ra k\u00e9sz\u00edtett szerkeszt\u00e9seim: Liza Marklund: Zuhatag Yrsa Sigur\u00f0ard\u00f3ttir: Z\u00e1rk\u00f3zz be! Jorn Lier Horst: A Katharina-k\u00f3d Ellery Adams: Titkok K\u00f6nyvklubja Cesca Major: Tal\u00e1n majd legk\u00f6zelebb Stefan Ahnhem: A csere Camilla L\u00e4ckberg: Bronz \u00e1lmok Katelyn Doyle: Garant\u00e1ltan happy end Alex Ahndoril: A rejt\u00e9ly kulcsa Alex Ahndoril: A sors kereke Virginie Grimaldi: K\u00f6szi, apu! Kiad\u00f3k Ad Librum \u00e9s K\u00f6nyv Guru Az Ad Librum \u00e9s a K\u00f6nyv Guru gondoz\u00e1s\u00e1ban megjelent szerkeszt\u00e9seim: Dienes B\u00e1lint: Pokoli h\u00e9tv\u00e9ge Mitt\u00e1k Anita: D\u00e9ja vu Pap Endre: Verseny a Hal\u00e1llal Mary G. Grant: Esk\u00fcv\u0151i kalamajka Palotai Z\u00f3ja: Szexmunk\u00e1s Kiad\u00f3 Maxim K\u00f6nyvkiad\u00f3 A Maxim K\u00f6nyvkiad\u00f3n\u00e1l megjelent szerkeszt\u00e9sem: Katherine Applegate: Ruby, a legkisebb (Megjelen\u00e9s: 2026: febru\u00e1r 15.)","og_url":"https:\/\/gyergyaiszabomariann.hu\/konyvek\/arak-copy\/","og_site_name":"gyergyaiszabomariann.hu - k\u00f6nyvek","article_modified_time":"2026-04-04T21:18:03+00:00","twitter_card":"summary_large_image","twitter_misc":{"Becs\u00fclt olvas\u00e1si id\u0151":"1 perc"},"schema":{"@context":"https:\/\/schema.org","@graph":[{"@type":"WebPage","@id":"https:\/\/gyergyaiszabomariann.hu\/konyvek\/arak-copy\/","url":"https:\/\/gyergyaiszabomariann.hu\/konyvek\/arak-copy\/","name":"Munk\u00e1im - gyergyaiszabomariann.hu - k\u00f6nyvek","isPartOf":{"@id":"https:\/\/gyergyaiszabomariann.hu\/konyvek\/#website"},"datePublished":"2026-04-04T21:10:43+00:00","dateModified":"2026-04-04T21:18:03+00:00","breadcrumb":{"@id":"https:\/\/gyergyaiszabomariann.hu\/konyvek\/arak-copy\/#breadcrumb"},"inLanguage":"hu","potentialAction":[{"@type":"ReadAction","target":["https:\/\/gyergyaiszabomariann.hu\/konyvek\/arak-copy\/"]}]},{"@type":"BreadcrumbList","@id":"https:\/\/gyergyaiszabomariann.hu\/konyvek\/arak-copy\/#breadcrumb","itemListElement":[{"@type":"ListItem","position":1,"name":"Home","item":"https:\/\/gyergyaiszabomariann.hu\/konyvek\/"},{"@type":"ListItem","position":2,"name":"Munk\u00e1im"}]},{"@type":"WebSite","@id":"https:\/\/gyergyaiszabomariann.hu\/konyvek\/#website","url":"https:\/\/gyergyaiszabomariann.hu\/konyvek\/","name":"gyergyaiszabomariann.hu - k\u00f6nyvek","description":"gyergyaiszabomariann.hu - k&ouml;nyvek","potentialAction":[{"@type":"SearchAction","target":{"@type":"EntryPoint","urlTemplate":"https:\/\/gyergyaiszabomariann.hu\/konyvek\/?s={search_term_string}"},"query-input":{"@type":"PropertyValueSpecification","valueRequired":true,"valueName":"search_term_string"}}],"inLanguage":"hu"}]}},"_links":{"self":[{"href":"https:\/\/gyergyaiszabomariann.hu\/konyvek\/wp-json\/wp\/v2\/pages\/161","targetHints":{"allow":["GET"]}}],"collection":[{"href":"https:\/\/gyergyaiszabomariann.hu\/konyvek\/wp-json\/wp\/v2\/pages"}],"about":[{"href":"https:\/\/gyergyaiszabomariann.hu\/konyvek\/wp-json\/wp\/v2\/types\/page"}],"author":[{"embeddable":true,"href":"https:\/\/gyergyaiszabomariann.hu\/konyvek\/wp-json\/wp\/v2\/users\/1"}],"replies":[{"embeddable":true,"href":"https:\/\/gyergyaiszabomariann.hu\/konyvek\/wp-json\/wp\/v2\/comments?post=161"}],"version-history":[{"count":7,"href":"https:\/\/gyergyaiszabomariann.hu\/konyvek\/wp-json\/wp\/v2\/pages\/161\/revisions"}],"predecessor-version":[{"id":168,"href":"https:\/\/gyergyaiszabomariann.hu\/konyvek\/wp-json\/wp\/v2\/pages\/161\/revisions\/168"}],"wp:attachment":[{"href":"https:\/\/gyergyaiszabomariann.hu\/konyvek\/wp-json\/wp\/v2\/media?parent=161"}],"curies":[{"name":"wp","href":"https:\/\/api.w.org\/{rel}","templated":true}]}}